{"id":4017,"date":"2021-10-27T20:26:54","date_gmt":"2021-10-27T20:26:54","guid":{"rendered":"https:\/\/eventgoose-wp.moonly.dev\/cookies\/"},"modified":"2024-09-17T10:05:09","modified_gmt":"2024-09-17T10:05:09","slug":"cookies","status":"publish","type":"page","link":"https:\/\/eventgoose.com\/de\/cookies\/","title":{"rendered":"Cookies"},"content":{"rendered":"\n<p>Diese Webseite verwendet Cookies. Wir verwenden Cookies, um Inhalte und Anzeigen zu personalisieren, Funktionen f\u00fcr soziale Medien anbieten zu k\u00f6nnen und die Zugriffe auf unsere Website zu analysieren. Au\u00dferdem geben wir Informationen zu Ihrer Verwendung unserer Website an unsere Partner f\u00fcr soziale Medien, Werbung und Analysen weiter. Unsere Partner f\u00fchren diese Informationen m\u00f6glicherweise mit weiteren Daten zusammen, die Sie ihnen bereitgestellt haben oder die sie im Rahmen Ihrer Nutzung der Dienste gesammelt haben.<\/p>\n\n\n\n<p>Cookies sind kleine Textdateien, die von Webseiten verwendet werden, um die Benutzererfahrung effizienter zu gestalten.<br><br>Laut Gesetz k\u00f6nnen wir Cookies auf Ihrem Ger\u00e4t speichern, wenn diese f\u00fcr den Betrieb dieser Seite unbedingt notwendig sind. F\u00fcr alle anderen Cookie-Typen ben\u00f6tigen wir Ihre Erlaubnis.<br><br>Diese Seite verwendet unterschiedliche Cookie-Typen. Einige Cookies werden von Drittparteien platziert, die auf unseren Seiten erscheinen.<br><br>Sie k\u00f6nnen Ihre Einwilligung jederzeit von der Cookie-Erkl\u00e4rung auf unserer Website \u00e4ndern oder widerrufen.<br><br>Erfahren Sie in unserer Datenschutzrichtlinie mehr dar\u00fcber, wer wir sind, wie Sie uns kontaktieren k\u00f6nnen und wie wir personenbezogene Daten verarbeiten.<br><br>Bitte geben Sie Ihre Einwilligungs-ID und das Datum an, wenn Sie uns bez\u00fcglich Ihrer Einwilligung kontaktieren.<\/p>\n\n\n\n<p>Ihre Einwilligung trifft auf die folgenden Domains zu: eventgoose.com<\/p>\n\n\n\n<p>Ihr aktueller Zustand: Alle zulassen.&nbsp;<\/p>\n\n\n\n<p id=\"CookieDeclarationConsentIdAndDate\">Ihre Einwilligungs-ID:&nbsp;uhfRmVR4INRzm3UYayUuwm7lCNK\/F+ejb09bv394klLPkynly3jkqg==Einwilligungsdatum:&nbsp;Mittwoch, 25. Oktober 2023 um 16:26:57 MESZ<\/p>\n\n\n\n<p><a href=\"https:\/\/eventgoose.com\/de\/cookies\/#\">Einwilligung \u00e4ndern<\/a>&nbsp;&nbsp;|&nbsp;&nbsp;<a href=\"https:\/\/eventgoose.com\/de\/cookies\/#\">Einwilligung widerrufen<\/a><\/p>\n\n\n\n<p>Die Cookie-Erkl\u00e4rung wurde das letzte Mal am 23-06-2024 von&nbsp;<a href=\"https:\/\/www.cookiebot.com\/\" target=\"_blank\" rel=\"noreferrer noopener\">Cookiebot<\/a>&nbsp;aktualisiert:<\/p>\n\n\n\n<p>Notwendig (14)<\/p>\n\n\n\n<p>Notwendige Cookies helfen dabei, eine Webseite nutzbar zu machen, indem sie Grundfunktionen wie Seitennavigation und Zugriff auf sichere Bereiche der Webseite erm\u00f6glichen. Die Webseite kann ohne diese Cookies nicht richtig funktionieren.<\/p>\n\n\n\n<figure class=\"wp-block-table\"><table><thead><tr><th>Name<\/th><th>Anbieter<\/th><th>Zweck<\/th><th>Ablauf<\/th><th>Typ<\/th><\/tr><\/thead><tbody><tr><td>__cf_bm [x3]<\/td><td><a target=\"_blank\" rel=\"noreferrer noopener\" href=\"https:\/\/legal.hubspot.com\/privacy-policy\">Hubspot<\/a><\/td><td>Dieser Cookie wird verwendet, um zwischen Menschen und Bots zu unterscheiden. Dies ist vorteilhaft f\u00fcr die Website, um g\u00fcltige Berichte \u00fcber die Nutzung Ihrer Website zu erstellen.<\/td><td>1 Tag<\/td><td>HTTP Cookie<\/td><\/tr><tr><td>_cfuvid [x2]<\/td><td><a target=\"_blank\" rel=\"noreferrer noopener\" href=\"https:\/\/legal.hubspot.com\/privacy-policy\">Hubspot<\/a><\/td><td>Dieses Cookie ist ein Teil der Dienste von Cloudflare &#8211; einschlie\u00dflich Lastverteilung, Bereitstellung von Website-Inhalten und Bereitstellung einer DNS-Verbindung f\u00fcr Website-Betreiber.<\/td><td>Sitzung<\/td><td>HTTP Cookie<\/td><\/tr><tr><td>_GRECAPTCHA<\/td><td><a target=\"_blank\" rel=\"noreferrer noopener\" href=\"https:\/\/business.safety.google\/privacy\/\">Google<\/a><\/td><td>Dieser Cookie wird verwendet, um zwischen Menschen und Bots zu unterscheiden.&nbsp;Dies ist vorteilhaft f\u00fcr die webseite, um g\u00fcltige Berichte \u00fcber die Nutzung ihrer webseite zu erstellen.<\/td><td>180 Tage<\/td><td>HTTP Cookie<\/td><\/tr><tr><td>1.gif<\/td><td><a target=\"_blank\" rel=\"noreferrer noopener\" href=\"https:\/\/www.cookiebot.com\/goto\/privacy-policy\/\">Cookiebot<\/a><\/td><td>Wird verwendet, um die Anzahl der Sitzungen auf der Website zu z\u00e4hlen, was f\u00fcr die Optimierung der Bereitstellung von CMP-Produkten erforderlich ist.<\/td><td>Sitzung<\/td><td>Pixel Tracker<\/td><\/tr><tr><td>CookieConsent<\/td><td><a target=\"_blank\" rel=\"noreferrer noopener\" href=\"https:\/\/www.cookiebot.com\/goto\/privacy-policy\/\">Cookiebot<\/a><\/td><td>Speichert den Zustimmungsstatus des Benutzers f\u00fcr Cookies auf der aktuellen Dom\u00e4ne.<\/td><td>1 Jahr<\/td><td>HTTP Cookie<\/td><\/tr><tr><td>lang_redirected<\/td><td><a target=\"_blank\" rel=\"noreferrer noopener\" href=\"https:\/\/eventgoose.com\/en\/wp-content\/uploads\/sites\/2\/2021\/12\/Privacy-and-Cookie-Statement-Eventgoose-Tech-B.V.-July-2021.pdf\">Event Goose<\/a><\/td><td>Anstehend<\/td><td>1 Jahr<\/td><td>HTTP Cookie<\/td><\/tr><tr><td>rc::a<\/td><td><a target=\"_blank\" rel=\"noreferrer noopener\" href=\"https:\/\/legal.hubspot.com\/privacy-policy\">Hubspot<\/a><\/td><td>Dieser Cookie wird verwendet, um zwischen Menschen und Bots zu unterscheiden. Dies ist vorteilhaft f\u00fcr die Website, um g\u00fcltige Berichte \u00fcber die Nutzung Ihrer Website zu erstellen.<\/td><td>Best\u00e4ndig<\/td><td>HTML Local Storage<\/td><\/tr><tr><td>rc::b<\/td><td><a target=\"_blank\" rel=\"noreferrer noopener\" href=\"https:\/\/legal.hubspot.com\/privacy-policy\">Hubspot<\/a><\/td><td>Dieser Cookie wird verwendet, um zwischen Menschen und Bots zu unterscheiden.<\/td><td>Sitzung<\/td><td>HTML Local Storage<\/td><\/tr><tr><td>rc::c<\/td><td><a target=\"_blank\" rel=\"noreferrer noopener\" href=\"https:\/\/legal.hubspot.com\/privacy-policy\">Hubspot<\/a><\/td><td>Dieser Cookie wird verwendet, um zwischen Menschen und Bots zu unterscheiden.<\/td><td>Sitzung<\/td><td>HTML Local Storage<\/td><\/tr><tr><td>test_cookie<\/td><td><a target=\"_blank\" rel=\"noreferrer noopener\" href=\"https:\/\/business.safety.google\/privacy\/\">Google<\/a><\/td><td>Verwendet, um zu \u00fcberpr\u00fcfen, ob der Browser des Benutzers Cookies unterst\u00fctzt.<\/td><td>1 Tag<\/td><td>HTTP Cookie<\/td><\/tr><tr><td>wordpress_test_cookie<\/td><td><a target=\"_blank\" rel=\"noreferrer noopener\" href=\"https:\/\/eventgoose.com\/en\/wp-content\/uploads\/sites\/2\/2021\/12\/Privacy-and-Cookie-Statement-Eventgoose-Tech-B.V.-July-2021.pdf\">Event Goose<\/a><\/td><td>Verwendet, um zu \u00fcberpr\u00fcfen, ob der Browser des Benutzers Cookies unterst\u00fctzt.<\/td><td>Sitzung<\/td><td>HTTP Cookie<\/td><\/tr><\/tbody><\/table><\/figure>\n\n\n\n<p>Statistiken (11)<\/p>\n\n\n\n<p>Statistik-Cookies helfen Webseiten-Besitzern zu verstehen, wie Besucher mit Webseiten interagieren, indem Informationen anonym gesammelt und gemeldet werden.<\/p>\n\n\n\n<figure class=\"wp-block-table\"><table><thead><tr><th>Name<\/th><th>Anbieter<\/th><th>Zweck<\/th><th>Ablauf<\/th><th>Typ<\/th><\/tr><\/thead><tbody><tr><td>__hssc<\/td><td><a target=\"_blank\" rel=\"noreferrer noopener\" href=\"https:\/\/legal.hubspot.com\/privacy-policy\">Hubspot<\/a><\/td><td>Gibt an, ob die Cookie-Daten im Browser des Besuchers aktualisiert werden m\u00fcssen.<\/td><td>1 Tag<\/td><td>HTTP Cookie<\/td><\/tr><tr><td>__hssrc<\/td><td><a target=\"_blank\" rel=\"noreferrer noopener\" href=\"https:\/\/legal.hubspot.com\/privacy-policy\">Hubspot<\/a><\/td><td>Wird verwendet, um den Browser des Besuchers bei R\u00fcckkehr auf der Website zu erkennen.<\/td><td>Sitzung<\/td><td>HTTP Cookie<\/td><\/tr><tr><td>__hstc<\/td><td><a target=\"_blank\" rel=\"noreferrer noopener\" href=\"https:\/\/legal.hubspot.com\/privacy-policy\">Hubspot<\/a><\/td><td>Legt eine eindeutige ID f\u00fcr die Sitzung fest.&nbsp;Dadurch kann die Webseite Daten \u00fcber Besucherverhalten f\u00fcr statistische Zwecke erhalten.<\/td><td>180 Tage<\/td><td>HTTP Cookie<\/td><\/tr><tr><td>_ga<\/td><td><a target=\"_blank\" rel=\"noreferrer noopener\" href=\"https:\/\/business.safety.google\/privacy\/\">Google<\/a><\/td><td>Registriert eine eindeutige ID, die verwendet wird, um statistische Daten dazu, wie der Besucher die Website nutzt, zu generieren.<\/td><td>2 Jahre<\/td><td>HTTP Cookie<\/td><\/tr><tr><td>_ga_#<\/td><td><a target=\"_blank\" rel=\"noreferrer noopener\" href=\"https:\/\/business.safety.google\/privacy\/\">Google<\/a><\/td><td>Sammelt Daten dazu, wie oft ein Benutzer eine Website besucht hat, sowie Daten f\u00fcr den ersten und letzten Besuch. Von Google Analytics verwendet.<\/td><td>2 Jahre<\/td><td>HTTP Cookie<\/td><\/tr><tr><td>_gat<\/td><td><a target=\"_blank\" rel=\"noreferrer noopener\" href=\"https:\/\/business.safety.google\/privacy\/\">Google<\/a><\/td><td>Wird von Google Analytics verwendet, um die Anforderungsrate einzuschr\u00e4nken<\/td><td>1 Tag<\/td><td>HTTP Cookie<\/td><\/tr><tr><td>_gid<\/td><td><a target=\"_blank\" rel=\"noreferrer noopener\" href=\"https:\/\/business.safety.google\/privacy\/\">Google<\/a><\/td><td>Registriert eine eindeutige ID, die verwendet wird, um statistische Daten dazu, wie der Besucher die Website nutzt, zu generieren.<\/td><td>1 Tag<\/td><td>HTTP Cookie<\/td><\/tr><tr><td>FPID<\/td><td><a target=\"_blank\" rel=\"noreferrer noopener\" href=\"https:\/\/eventgoose.com\/en\/wp-content\/uploads\/sites\/2\/2021\/12\/Privacy-and-Cookie-Statement-Eventgoose-Tech-B.V.-July-2021.pdf\">Event Goose<\/a><\/td><td>Registriert statistische Daten \u00fcber das Verhalten der Besucher auf der Website. Wird vom Website-Betreiber f\u00fcr internes Analytics verwendet.<\/td><td>400 Tage<\/td><td>HTTP Cookie<\/td><\/tr><tr><td>FPLC<\/td><td><a target=\"_blank\" rel=\"noreferrer noopener\" href=\"https:\/\/eventgoose.com\/en\/wp-content\/uploads\/sites\/2\/2021\/12\/Privacy-and-Cookie-Statement-Eventgoose-Tech-B.V.-July-2021.pdf\">Event Goose<\/a><\/td><td>Registriert eine eindeutige ID, die verwendet wird, um statistische Daten dazu, wie der Besucher die Website nutzt, zu generieren.<\/td><td>1 Tag<\/td><td>HTTP Cookie<\/td><\/tr><tr><td>gtmBrowserId<\/td><td><a target=\"_blank\" rel=\"noreferrer noopener\" href=\"https:\/\/business.safety.google\/privacy\/\">Google<\/a><\/td><td>Dieses Cookie wird benutzt, um festzustellen, ob der Besucher die Website zuvor besucht hat oder, ob er ein neuer Besucher auf der Website ist.<\/td><td>Best\u00e4ndig<\/td><td>HTML Local Storage<\/td><\/tr><tr><td>hubspotutk<\/td><td><a target=\"_blank\" rel=\"noreferrer noopener\" href=\"https:\/\/legal.hubspot.com\/privacy-policy\">Hubspot<\/a><\/td><td>Legt eine eindeutige ID f\u00fcr die Sitzung fest.&nbsp;Dadurch kann die Webseite Daten \u00fcber Besucherverhalten f\u00fcr statistische Zwecke erhalten.<\/td><td>180 Tage<\/td><td>HTTP Cookie<\/td><\/tr><\/tbody><\/table><\/figure>\n\n\n\n<p>Marketing (7)<\/p>\n\n\n\n<p>Marketing-Cookies werden verwendet, um Besuchern auf Webseiten zu folgen. Die Absicht ist, Anzeigen zu zeigen, die relevant und ansprechend f\u00fcr den einzelnen Benutzer sind und daher wertvoller f\u00fcr Publisher und werbetreibende Drittparteien sind.<\/p>\n\n\n\n<figure class=\"wp-block-table\"><table><thead><tr><th>Name<\/th><th>Anbieter<\/th><th>Zweck<\/th><th>Ablauf<\/th><th>Typ<\/th><\/tr><\/thead><tbody><tr><td>__ptq.gif<\/td><td><a target=\"_blank\" rel=\"noreferrer noopener\" href=\"https:\/\/legal.hubspot.com\/privacy-policy\">Hubspot<\/a><\/td><td>Sends data to the marketing platform Hubspot about the visitor&#8217;s device and behaviour. Tracks the visitor across devices and marketing channels.<\/td><td>Sitzung<\/td><td>Pixel Tracker<\/td><\/tr><tr><td>_gcl_au<\/td><td><a target=\"_blank\" rel=\"noreferrer noopener\" href=\"https:\/\/business.safety.google\/privacy\/\">Google<\/a><\/td><td>Wird von Google AdSense zum Experimentieren mit Werbungseffizienz auf Webseiten verwendet, die ihre Dienste nutzen.<\/td><td>3 Monate<\/td><td>HTTP Cookie<\/td><\/tr><tr><td>ads\/ga-audiences<\/td><td><a target=\"_blank\" rel=\"noreferrer noopener\" href=\"https:\/\/business.safety.google\/privacy\/\">Google<\/a><\/td><td>Used by Google AdWords to re-engage visitors that are likely to convert to customers based on the visitor&#8217;s online behaviour across websites.<\/td><td>Sitzung<\/td><td>Pixel Tracker<\/td><\/tr><tr><td>IDE<\/td><td><a target=\"_blank\" rel=\"noreferrer noopener\" href=\"https:\/\/business.safety.google\/privacy\/\">Google<\/a><\/td><td>Verwendet von Google DoubleClick, um die Handlungen des Benutzers auf der Webseite nach der Anzeige oder dem Klicken auf eine der Anzeigen des Anbieters zu registrieren und zu melden, mit dem Zweck der Messung der Wirksamkeit einer Werbung und der Anzeige zielgerichteter Werbung f\u00fcr den Benutzer.<\/td><td>400 Tage<\/td><td>HTTP Cookie<\/td><\/tr><tr><td>pagead\/1p-user-list\/#<\/td><td><a target=\"_blank\" rel=\"noreferrer noopener\" href=\"https:\/\/business.safety.google\/privacy\/\">Google<\/a><\/td><td>Wird verwendet, um zu tracken, ob der Besucher Interesse an bestimmten Produkten oder Ereignissen auf mehreren Websites gezeigt hat und wie der Besucher zwischen den Websites navigiert &#8211; Dies wird zur Messung des Werbeaufwands verwendet und erleichtert die Zahlung von Empfehlungsgeb\u00fchren zwischen Websites.<\/td><td>Sitzung<\/td><td>Pixel Tracker<\/td><\/tr><tr><td>pagead\/landing<\/td><td><a target=\"_blank\" rel=\"noreferrer noopener\" href=\"https:\/\/business.safety.google\/privacy\/\">Google<\/a><\/td><td>Sammelt Daten zum Besucherverhalten auf mehreren Webseiten, um relevantere Werbung zu pr\u00e4sentieren &#8211; Dies erm\u00f6glicht es der Webseite auch, die Anzahl der Anzeige der gleichen Werbung zu begrenzen.<\/td><td>Sitzung<\/td><td>Pixel Tracker<\/td><\/tr><tr><td>rc::f<\/td><td><a target=\"_blank\" rel=\"noreferrer noopener\" href=\"https:\/\/legal.hubspot.com\/privacy-policy\">Hubspot<\/a><\/td><td>Dieser Cookie wird verwendet, um zwischen Menschen und Bots zu unterscheiden.<\/td><td>Best\u00e4ndig<\/td><td>HTML Local Storage<\/td><\/tr><\/tbody><\/table><\/figure>\n","protected":false},"excerpt":{"rendered":"<p>Diese Webseite verwendet Cookies. Wir verwenden Cookies, um Inhalte und Anzeigen zu personalisieren, Funktionen f\u00fcr soziale Medien anbieten zu k\u00f6nnen und die Zugriffe auf unsere Website zu analysieren. Au\u00dferdem geben wir Informationen zu Ihrer Verwendung unserer Website an unsere Partner f\u00fcr soziale Medien, Werbung und Analysen weiter. Unsere Partner f\u00fchren diese Informationen m\u00f6glicherweise mit weiteren [&hellip;]<\/p>\n","protected":false},"author":1,"featured_media":0,"parent":0,"menu_order":0,"comment_status":"closed","ping_status":"closed","template":"pages\/page-legal.php","meta":{"_acf_changed":false,"footnotes":""},"class_list":["post-4017","page","type-page","status-publish","hentry"],"acf":[],"yoast_head":"<!-- This site is optimized with the Yoast SEO plugin v24.2 - https:\/\/yoast.com\/wordpress\/plugins\/seo\/ -->\n<title>Cookies - Eventgoose<\/title>\n<meta name=\"robots\" content=\"index, follow, max-snippet:-1, max-image-preview:large, max-video-preview:-1\" \/>\n<link rel=\"canonical\" href=\"https:\/\/eventgoose.com\/de\/cookies\/\" \/>\n<meta property=\"og:locale\" content=\"de_DE\" \/>\n<meta property=\"og:type\" content=\"article\" \/>\n<meta property=\"og:title\" content=\"Cookies - Eventgoose\" \/>\n<meta property=\"og:description\" content=\"Diese Webseite verwendet Cookies. Wir verwenden Cookies, um Inhalte und Anzeigen zu personalisieren, Funktionen f\u00fcr soziale Medien anbieten zu k\u00f6nnen und die Zugriffe auf unsere Website zu analysieren. Au\u00dferdem geben wir Informationen zu Ihrer Verwendung unserer Website an unsere Partner f\u00fcr soziale Medien, Werbung und Analysen weiter. Unsere Partner f\u00fchren diese Informationen m\u00f6glicherweise mit weiteren [&hellip;]\" \/>\n<meta property=\"og:url\" content=\"https:\/\/eventgoose.com\/de\/cookies\/\" \/>\n<meta property=\"og:site_name\" content=\"Eventgoose\" \/>\n<meta property=\"article:modified_time\" content=\"2024-09-17T10:05:09+00:00\" \/>\n<meta name=\"twitter:card\" content=\"summary_large_image\" \/>\n<meta name=\"twitter:label1\" content=\"Gesch\u00e4tzte Lesezeit\" \/>\n\t<meta name=\"twitter:data1\" content=\"6\u00a0Minuten\" \/>\n<script type=\"application\/ld+json\" class=\"yoast-schema-graph\">{\"@context\":\"https:\/\/schema.org\",\"@graph\":[{\"@type\":\"WebPage\",\"@id\":\"https:\/\/eventgoose.com\/de\/cookies\/\",\"url\":\"https:\/\/eventgoose.com\/de\/cookies\/\",\"name\":\"Cookies - Eventgoose\",\"isPartOf\":{\"@id\":\"https:\/\/eventgoose.com\/de\/#website\"},\"datePublished\":\"2021-10-27T20:26:54+00:00\",\"dateModified\":\"2024-09-17T10:05:09+00:00\",\"inLanguage\":\"de\",\"potentialAction\":[{\"@type\":\"ReadAction\",\"target\":[\"https:\/\/eventgoose.com\/de\/cookies\/\"]}]},{\"@type\":\"WebSite\",\"@id\":\"https:\/\/eventgoose.com\/de\/#website\",\"url\":\"https:\/\/eventgoose.com\/de\/\",\"name\":\"Eventgoose\",\"description\":\"\",\"publisher\":{\"@id\":\"https:\/\/eventgoose.com\/de\/#organization\"},\"potentialAction\":[{\"@type\":\"SearchAction\",\"target\":{\"@type\":\"EntryPoint\",\"urlTemplate\":\"https:\/\/eventgoose.com\/de\/?s={search_term_string}\"},\"query-input\":{\"@type\":\"PropertyValueSpecification\",\"valueRequired\":true,\"valueName\":\"search_term_string\"}}],\"inLanguage\":\"de\"},{\"@type\":\"Organization\",\"@id\":\"https:\/\/eventgoose.com\/de\/#organization\",\"name\":\"Eventgoose\",\"url\":\"https:\/\/eventgoose.com\/de\/\",\"logo\":{\"@type\":\"ImageObject\",\"inLanguage\":\"de\",\"@id\":\"https:\/\/eventgoose.com\/de\/#\/schema\/logo\/image\/\",\"url\":\"https:\/\/eventgoose.com\/wp-content\/uploads\/2024\/03\/Eventgoose-logo_clean-scaled.webp\",\"contentUrl\":\"https:\/\/eventgoose.com\/wp-content\/uploads\/2024\/03\/Eventgoose-logo_clean-scaled.webp\",\"width\":2560,\"height\":362,\"caption\":\"Eventgoose\"},\"image\":{\"@id\":\"https:\/\/eventgoose.com\/de\/#\/schema\/logo\/image\/\"}}]}<\/script>\n<!-- \/ Yoast SEO plugin. -->","yoast_head_json":{"title":"Cookies - Eventgoose","robots":{"index":"index","follow":"follow","max-snippet":"max-snippet:-1","max-image-preview":"max-image-preview:large","max-video-preview":"max-video-preview:-1"},"canonical":"https:\/\/eventgoose.com\/de\/cookies\/","og_locale":"de_DE","og_type":"article","og_title":"Cookies - Eventgoose","og_description":"Diese Webseite verwendet Cookies. Wir verwenden Cookies, um Inhalte und Anzeigen zu personalisieren, Funktionen f\u00fcr soziale Medien anbieten zu k\u00f6nnen und die Zugriffe auf unsere Website zu analysieren. Au\u00dferdem geben wir Informationen zu Ihrer Verwendung unserer Website an unsere Partner f\u00fcr soziale Medien, Werbung und Analysen weiter. Unsere Partner f\u00fchren diese Informationen m\u00f6glicherweise mit weiteren [&hellip;]","og_url":"https:\/\/eventgoose.com\/de\/cookies\/","og_site_name":"Eventgoose","article_modified_time":"2024-09-17T10:05:09+00:00","twitter_card":"summary_large_image","twitter_misc":{"Gesch\u00e4tzte Lesezeit":"6\u00a0Minuten"},"schema":{"@context":"https:\/\/schema.org","@graph":[{"@type":"WebPage","@id":"https:\/\/eventgoose.com\/de\/cookies\/","url":"https:\/\/eventgoose.com\/de\/cookies\/","name":"Cookies - Eventgoose","isPartOf":{"@id":"https:\/\/eventgoose.com\/de\/#website"},"datePublished":"2021-10-27T20:26:54+00:00","dateModified":"2024-09-17T10:05:09+00:00","inLanguage":"de","potentialAction":[{"@type":"ReadAction","target":["https:\/\/eventgoose.com\/de\/cookies\/"]}]},{"@type":"WebSite","@id":"https:\/\/eventgoose.com\/de\/#website","url":"https:\/\/eventgoose.com\/de\/","name":"Eventgoose","description":"","publisher":{"@id":"https:\/\/eventgoose.com\/de\/#organization"},"potentialAction":[{"@type":"SearchAction","target":{"@type":"EntryPoint","urlTemplate":"https:\/\/eventgoose.com\/de\/?s={search_term_string}"},"query-input":{"@type":"PropertyValueSpecification","valueRequired":true,"valueName":"search_term_string"}}],"inLanguage":"de"},{"@type":"Organization","@id":"https:\/\/eventgoose.com\/de\/#organization","name":"Eventgoose","url":"https:\/\/eventgoose.com\/de\/","logo":{"@type":"ImageObject","inLanguage":"de","@id":"https:\/\/eventgoose.com\/de\/#\/schema\/logo\/image\/","url":"https:\/\/eventgoose.com\/wp-content\/uploads\/2024\/03\/Eventgoose-logo_clean-scaled.webp","contentUrl":"https:\/\/eventgoose.com\/wp-content\/uploads\/2024\/03\/Eventgoose-logo_clean-scaled.webp","width":2560,"height":362,"caption":"Eventgoose"},"image":{"@id":"https:\/\/eventgoose.com\/de\/#\/schema\/logo\/image\/"}}]}},"_links":{"self":[{"href":"https:\/\/eventgoose.com\/de\/wp-json\/wp\/v2\/pages\/4017","targetHints":{"allow":["GET"]}}],"collection":[{"href":"https:\/\/eventgoose.com\/de\/wp-json\/wp\/v2\/pages"}],"about":[{"href":"https:\/\/eventgoose.com\/de\/wp-json\/wp\/v2\/types\/page"}],"author":[{"embeddable":true,"href":"https:\/\/eventgoose.com\/de\/wp-json\/wp\/v2\/users\/1"}],"replies":[{"embeddable":true,"href":"https:\/\/eventgoose.com\/de\/wp-json\/wp\/v2\/comments?post=4017"}],"version-history":[{"count":2,"href":"https:\/\/eventgoose.com\/de\/wp-json\/wp\/v2\/pages\/4017\/revisions"}],"predecessor-version":[{"id":4019,"href":"https:\/\/eventgoose.com\/de\/wp-json\/wp\/v2\/pages\/4017\/revisions\/4019"}],"wp:attachment":[{"href":"https:\/\/eventgoose.com\/de\/wp-json\/wp\/v2\/media?parent=4017"}],"curies":[{"name":"wp","href":"https:\/\/api.w.org\/{rel}","templated":true}]}}